{"id":127,"date":"2021-05-15T14:03:16","date_gmt":"2021-05-15T11:03:16","guid":{"rendered":"https:\/\/diyarbakirbazalt.com\/?page_id=127"},"modified":"2021-11-30T12:31:16","modified_gmt":"2021-11-30T09:31:16","slug":"referanslarimiz","status":"publish","type":"page","link":"https:\/\/diyarbakirbazalt.com\/?page_id=127","title":{"rendered":"REFERANSLARIMIZ"},"content":{"rendered":"\n<p>\u0130\u00e7erik Haz\u0131rlanmaktad\u0131r&#8230;<\/p>\n","protected":false},"excerpt":{"rendered":"<p>\u0130\u00e7erik Haz\u0131rlanmaktad\u0131r&#8230;<\/p>\n","protected":false},"author":1,"featured_media":0,"parent":0,"menu_order":0,"comment_status":"closed","ping_status":"closed","template":"","meta":{"footnotes":""},"class_list":["post-127","page","type-page","status-publish","hentry"],"_links":{"self":[{"href":"https:\/\/diyarbakirbazalt.com\/index.php?rest_route=\/wp\/v2\/pages\/127","targetHints":{"allow":["GET"]}}],"collection":[{"href":"https:\/\/diyarbakirbazalt.com\/index.php?rest_route=\/wp\/v2\/pages"}],"about":[{"href":"https:\/\/diyarbakirbazalt.com\/index.php?rest_route=\/wp\/v2\/types\/page"}],"author":[{"embeddable":true,"href":"https:\/\/diyarbakirbazalt.com\/index.php?rest_route=\/wp\/v2\/users\/1"}],"replies":[{"embeddable":true,"href":"https:\/\/diyarbakirbazalt.com\/index.php?rest_route=%2Fwp%2Fv2%2Fcomments&post=127"}],"version-history":[{"count":2,"href":"https:\/\/diyarbakirbazalt.com\/index.php?rest_route=\/wp\/v2\/pages\/127\/revisions"}],"predecessor-version":[{"id":142,"href":"https:\/\/diyarbakirbazalt.com\/index.php?rest_route=\/wp\/v2\/pages\/127\/revisions\/142"}],"wp:attachment":[{"href":"https:\/\/diyarbakirbazalt.com\/index.php?rest_route=%2Fwp%2Fv2%2Fmedia&parent=127"}],"curies":[{"name":"wp","href":"https:\/\/api.w.org\/{rel}","templated":true}]}}